{"id":1856,"date":"2024-10-01T14:12:43","date_gmt":"2024-10-01T14:12:43","guid":{"rendered":"https:\/\/mielesustainablefashion.ch\/conditions-dutilisation\/"},"modified":"2024-10-01T14:44:56","modified_gmt":"2024-10-01T14:44:56","slug":"conditions-dutilisation","status":"publish","type":"page","link":"https:\/\/miele-x-annabelle-swap.ch\/fr\/conditions-dutilisation\/","title":{"rendered":"Conditions d\u2019utilisation"},"content":{"rendered":"\t\t<div data-elementor-type=\"wp-page\" data-elementor-id=\"1856\" class=\"elementor elementor-1856 elementor-1849\" data-elementor-post-type=\"page\">\n\t\t\t\t<div class=\"elementor-element elementor-element-335058d e-flex e-con-boxed e-con e-parent\" data-id=\"335058d\" data-element_type=\"container\">\n\t\t\t\t\t<div class=\"e-con-inner\">\n\t\t\t\t<div class=\"elementor-element elementor-element-eeb62da elementor-widget elementor-widget-text-editor\" data-id=\"eeb62da\" data-element_type=\"widget\" data-widget_type=\"text-editor.default\">\n\t\t\t\t<div class=\"elementor-widget-container\">\n\t\t\t\t\t\t\t\t\t<p class=\"p1\" style=\"text-align: left;\"><b>T\u00e9l\u00e9chargements Miele<\/b><\/p><p class=\"p1\" style=\"text-align: left;\">1 Les pr\u00e9sentes dispositions r\u00e8glent le t\u00e9l\u00e9chargement et l\u2019utilisation du logiciel Miele et d\u2019informations. En effectuant un t\u00e9l\u00e9chargement, l\u2019utilisateur accepte ces dispositions.<\/p><p class=\"p1\" style=\"text-align: left;\">2 En r\u00e8gle g\u00e9n\u00e9rale, les t\u00e9l\u00e9chargements sont disponibles 24 heures sur 24, 7 jours par semaine. Miele d\u00e9cline cependant toute responsabilit\u00e9 pour des interruptions de disponibilit\u00e9 dues \u00e0 la nature d\u2019Internet et des syst\u00e8mes informatiques.<\/p><p class=\"p1\" style=\"text-align: left;\">3 Les t\u00e9l\u00e9chargements sont mis \u00e0 jour de mani\u00e8re classique, en fonction de l\u2019actualit\u00e9 de Miele. Miele se r\u00e9serve cependant le droit de modifier \u00e0 tout moment des informations et le logiciel, en particulier pour r\u00e9pondre \u00e0 un d\u00e9veloppement technique ou \u00e9conomique ou \u00e0 une modification des conditions-cadres et des conditions d\u2019utilisation, \u00e9galement de nature tarifaire ou commerciale, et ce sans qu\u2019une annonce ou une notice de modification ne soit n\u00e9cessaire.<\/p><p>\u00a0<\/p><p class=\"p1\" style=\"text-align: left;\"><b>Droits et obligations li\u00e9s \u00e0 l\u2019utilisation<\/b><\/p><p class=\"p1\" style=\"text-align: left;\">1 Les contenus sont prot\u00e9g\u00e9s par la loi, en particulier par le droit d\u2019auteur, au b\u00e9n\u00e9fice de Miele ou de tiers. L\u2019exploitation, en particulier la copie, la diffusion, la circulation, [ic1] la pr\u00e9sentation, l\u2019envoi, la mise \u00e0 disposition et autres proc\u00e9d\u00e9s de reproduction tels que les remaniements et les modifications, n\u2019est autoris\u00e9e qu\u2019apr\u00e8s autorisation \u00e9crite pr\u00e9alable de Miele ou du titulaire des droits concern\u00e9.<\/p><p class=\"p1\" style=\"text-align: left;\">2 Le logiciel Miele ne peut \u00eatre ni copi\u00e9, ni vendu, ni pr\u00eat\u00e9, ni transmis \u00e0 des tiers non agr\u00e9\u00e9s. Le logiciel Miele contient des secrets commerciaux, raison pour laquelle il ne peut \u00eatre ni r\u00e9initialis\u00e9, ni d\u00e9compil\u00e9, ni d\u00e9sassembl\u00e9 ni manipul\u00e9 de quelque mani\u00e8re que ce soit.<\/p><p class=\"p1\" style=\"text-align: left;\">3 Si la loi sur le droit d\u2019auteur prescrit que l\u2019utilisation est exceptionnellement possible sans autorisation explicite \u00e0 certaines conditions, les restrictions du droit d\u2019auteur pr\u00e9vues dans les paragraphes pr\u00e9c\u00e9dents deviennent caduques.<\/p><p class=\"p1\" style=\"text-align: left;\">4 Miele accorde \u00e0 l\u2019utilisateur le droit, \u00e0 tout moment r\u00e9vocable, non exclusif et non transmissible, d\u2019utiliser les t\u00e9l\u00e9chargements \u00e0 des fins de soutien des processus commerciaux dans le cadre des accords commerciaux existants conclus avec Miele. Toute indication de droit d\u2019auteur ou comparable doit \u00eatre reprise dans sa forme originale, sans modification.<\/p><p class=\"p1\" style=\"text-align: left;\">5 Miele signale que la transmission de donn\u00e9es via Internet n\u2019est pas s\u00e9curis\u00e9e. Il n\u2019est pas exclu que des personnes non agr\u00e9\u00e9es prennent connaissance des donn\u00e9es transmises ou les modifient.<\/p><p>\u00a0<\/p><p class=\"p1\" style=\"text-align: left;\"><b>Responsabilit\u00e9<\/b><\/p><p class=\"p1\" style=\"text-align: left;\">1 La mise \u00e0 disposition des contenus et des t\u00e9l\u00e9chargements ainsi que ce r\u00e8glement n\u2019impliquent aucune garantie ni aucune assurance. De la m\u00eame mani\u00e8re, il n\u2019en r\u00e9sulte aucun droit \u00e0 garantie.<\/p><p class=\"p1\" style=\"text-align: left;\">2 Miele d\u00e9cline toute responsabilit\u00e9 quant \u00e0 l\u2019exactitude, \u00e0 l\u2019int\u00e9gralit\u00e9, \u00e0 la qualit\u00e9 et \u00e0 la fiabilit\u00e9 des informations, et quant aux r\u00e9sultats d\u00e9coulant de l\u2019utilisation des informations. Miele d\u00e9cline toute responsabilit\u00e9 pour tout dommage cons\u00e9cutif \u00e0 l\u2019utilisation des t\u00e9l\u00e9chargements, tels l\u2019interruption d\u2019activit\u00e9 commerciale, le manque \u00e0 gagner et la perte d\u2019informations et de donn\u00e9es. Les d\u00e9cisions li\u00e9es \u00e0 l\u2019utilisation du logiciel mis \u00e0 disposition par Miele sous forme de t\u00e9l\u00e9chargements ne peuvent \u00eatre prises par l\u2019utilisateur qu\u2019en accord avec Miele.<\/p><p class=\"p1\" style=\"text-align: left;\">3 Miele d\u00e9cline toute responsabilit\u00e9 pour des dommages, quel qu\u2019en soit le motif juridique, d\u00e9coulant de l\u2019utilisation, de l\u2019impossibilit\u00e9 d\u2019utilisation, d\u2019\u00e9ventuelles erreurs de mat\u00e9riel ou de logiciel ou de configuration de syst\u00e8me de l\u2019utilisateur erron\u00e9e. L\u2019utilisateur utilise les t\u00e9l\u00e9chargements \u00e0 ses propres risques. Miele d\u00e9cline toute responsabilit\u00e9 quant au logiciel et aux informations, en particulier en ce qui concerne la possibilit\u00e9 d\u2019utilisation, l\u2019exactitude, l\u2019int\u00e9gralit\u00e9 et l\u2019absence de virus informatique.<\/p><p class=\"p1\" style=\"text-align: left;\">4 De plus, Miele d\u00e9cline toute responsabilit\u00e9 pour les dommages caus\u00e9s par des virus, des chevaux de Troie, des virus Hoax ou des programmations comparables, ainsi que pour les programmes, les parties de programme ou les codes pouvant provoquer une restriction similaire, une destruction ou une panne des syst\u00e8mes ou de leurs parties. Il incombe \u00e0 l\u2019utilisateur de prendre les mesures n\u00e9cessaires pour se prot\u00e9ger contre les virus et autres donn\u00e9es de destruction.<\/p><p class=\"p1\" style=\"text-align: left;\">5 Miele signale que la transmission de donn\u00e9es via Internet n\u2019est pas s\u00e9curis\u00e9e. Il n\u2019est pas exclu que des personnes non agr\u00e9\u00e9es prennent connaissance des donn\u00e9es transmises ou les modifient.<\/p><p class=\"p1\" style=\"text-align: left;\">6. Die Haftung ist nicht ausgeschlossen, soweit zwingend gehaftet wird, wie z.B. in F\u00e4llen des Vorsatzes, grober Fahrl\u00e4ssigkeit, bei Beschaffenheitsgarantien oder wegen Verletzung wesentlicher Vertragspflichten, im Fall der Verletzung von Leben, K\u00f6rper oder Gesundheit sowie bei einer Haftung nach dem Produkthaftungsgesetz. Der Schadenersatz wegen Verletzung wesentlicher Vertragspflichten ist jedoch begrenzt auf den vertragstypischen, vorhersehbaren Schaden, soweit nicht Vorsatz oder grobe Fahrl\u00e4ssigkeit vorliegt. Eine Umkehr der Beweislast zum Nachteil des Nutzers ist hiermit nicht verbunden.<\/p><p>\u00a0<\/p><p class=\"p1\" style=\"text-align: left;\"><b>Visualisation des donn\u00e9es PDF<\/b><\/p><p class=\"p1\" style=\"text-align: left;\">Adobe Acrobat Reader est n\u00e9cessaire pour visualiser les donn\u00e9es PDF.<\/p>\t\t\t\t\t\t\t\t<\/div>\n\t\t\t\t<\/div>\n\t\t\t\t\t<\/div>\n\t\t\t\t<\/div>\n\t\t\t\t<\/div>\n\t\t","protected":false},"excerpt":{"rendered":"<p>T\u00e9l\u00e9chargements Miele 1 Les pr\u00e9sentes dispositions r\u00e8glent le t\u00e9l\u00e9chargement et l\u2019utilisation du logiciel Miele et d\u2019informations. En effectuant un t\u00e9l\u00e9chargement, l\u2019utilisateur accepte ces dispositions. 2 En r\u00e8gle g\u00e9n\u00e9rale, les t\u00e9l\u00e9chargements sont disponibles 24 heures sur 24, 7 jours par semaine. Miele d\u00e9cline cependant toute responsabilit\u00e9 pour des interruptions de disponibilit\u00e9 dues \u00e0 la nature d\u2019Internet [&hellip;]<\/p>\n","protected":false},"author":1,"featured_media":0,"parent":0,"menu_order":0,"comment_status":"closed","ping_status":"closed","template":"","meta":{"footnotes":""},"class_list":["post-1856","page","type-page","status-publish","hentry"],"yoast_head":"<!-- This site is optimized with the Yoast SEO plugin v24.5 - https:\/\/yoast.com\/wordpress\/plugins\/seo\/ -->\n<title>Conditions d\u2019utilisation - annbelle x Miele Swap<\/title>\n<meta name=\"robots\" content=\"noindex, follow, max-snippet:-1, max-image-preview:large, max-video-preview:-1\" \/>\n<meta property=\"og:locale\" content=\"fr_FR\" \/>\n<meta property=\"og:type\" content=\"article\" \/>\n<meta property=\"og:title\" content=\"Conditions d\u2019utilisation - annbelle x Miele Swap\" \/>\n<meta property=\"og:description\" content=\"T\u00e9l\u00e9chargements Miele 1 Les pr\u00e9sentes dispositions r\u00e8glent le t\u00e9l\u00e9chargement et l\u2019utilisation du logiciel Miele et d\u2019informations. En effectuant un t\u00e9l\u00e9chargement, l\u2019utilisateur accepte ces dispositions. 2 En r\u00e8gle g\u00e9n\u00e9rale, les t\u00e9l\u00e9chargements sont disponibles 24 heures sur 24, 7 jours par semaine. Miele d\u00e9cline cependant toute responsabilit\u00e9 pour des interruptions de disponibilit\u00e9 dues \u00e0 la nature d\u2019Internet [&hellip;]\" \/>\n<meta property=\"og:url\" content=\"https:\/\/miele-x-annabelle-swap.ch\/fr\/conditions-dutilisation\/\" \/>\n<meta property=\"og:site_name\" content=\"annbelle x Miele Swap\" \/>\n<meta property=\"article:modified_time\" content=\"2024-10-01T14:44:56+00:00\" \/>\n<meta name=\"twitter:card\" content=\"summary_large_image\" \/>\n<meta name=\"twitter:label1\" content=\"Dur\u00e9e de lecture estim\u00e9e\" \/>\n\t<meta name=\"twitter:data1\" content=\"4 minutes\" \/>\n<script type=\"application\/ld+json\" class=\"yoast-schema-graph\">{\"@context\":\"https:\/\/schema.org\",\"@graph\":[{\"@type\":\"WebPage\",\"@id\":\"https:\/\/miele-x-annabelle-swap.ch\/fr\/conditions-dutilisation\/\",\"url\":\"https:\/\/miele-x-annabelle-swap.ch\/fr\/conditions-dutilisation\/\",\"name\":\"Conditions d\u2019utilisation - annbelle x Miele Swap\",\"isPartOf\":{\"@id\":\"https:\/\/miele-x-annabelle-swap.ch\/fr\/#website\"},\"datePublished\":\"2024-10-01T14:12:43+00:00\",\"dateModified\":\"2024-10-01T14:44:56+00:00\",\"breadcrumb\":{\"@id\":\"https:\/\/miele-x-annabelle-swap.ch\/fr\/conditions-dutilisation\/#breadcrumb\"},\"inLanguage\":\"fr-FR\",\"potentialAction\":[{\"@type\":\"ReadAction\",\"target\":[\"https:\/\/miele-x-annabelle-swap.ch\/fr\/conditions-dutilisation\/\"]}]},{\"@type\":\"BreadcrumbList\",\"@id\":\"https:\/\/miele-x-annabelle-swap.ch\/fr\/conditions-dutilisation\/#breadcrumb\",\"itemListElement\":[{\"@type\":\"ListItem\",\"position\":1,\"name\":\"Startseite\",\"item\":\"https:\/\/miele-x-annabelle-swap.ch\/fr\/\"},{\"@type\":\"ListItem\",\"position\":2,\"name\":\"Conditions d\u2019utilisation\"}]},{\"@type\":\"WebSite\",\"@id\":\"https:\/\/miele-x-annabelle-swap.ch\/fr\/#website\",\"url\":\"https:\/\/miele-x-annabelle-swap.ch\/fr\/\",\"name\":\"annbelle x Miele Swap\",\"description\":\"\",\"publisher\":{\"@id\":\"https:\/\/miele-x-annabelle-swap.ch\/fr\/#organization\"},\"potentialAction\":[{\"@type\":\"SearchAction\",\"target\":{\"@type\":\"EntryPoint\",\"urlTemplate\":\"https:\/\/miele-x-annabelle-swap.ch\/fr\/?s={search_term_string}\"},\"query-input\":{\"@type\":\"PropertyValueSpecification\",\"valueRequired\":true,\"valueName\":\"search_term_string\"}}],\"inLanguage\":\"fr-FR\"},{\"@type\":\"Organization\",\"@id\":\"https:\/\/miele-x-annabelle-swap.ch\/fr\/#organization\",\"name\":\"annbelle x Miele Swap\",\"url\":\"https:\/\/miele-x-annabelle-swap.ch\/fr\/\",\"logo\":{\"@type\":\"ImageObject\",\"inLanguage\":\"fr-FR\",\"@id\":\"https:\/\/miele-x-annabelle-swap.ch\/fr\/#\/schema\/logo\/image\/\",\"url\":\"https:\/\/miele-x-annabelle-swap.ch\/wp-content\/uploads\/2023\/10\/Miele_Logo_Red_sRGB.webp\",\"contentUrl\":\"https:\/\/miele-x-annabelle-swap.ch\/wp-content\/uploads\/2023\/10\/Miele_Logo_Red_sRGB.webp\",\"width\":1920,\"height\":735,\"caption\":\"annbelle x Miele Swap\"},\"image\":{\"@id\":\"https:\/\/miele-x-annabelle-swap.ch\/fr\/#\/schema\/logo\/image\/\"}}]}<\/script>\n<!-- \/ Yoast SEO plugin. -->","yoast_head_json":{"title":"Conditions d\u2019utilisation - annbelle x Miele Swap","robots":{"index":"noindex","follow":"follow","max-snippet":"max-snippet:-1","max-image-preview":"max-image-preview:large","max-video-preview":"max-video-preview:-1"},"og_locale":"fr_FR","og_type":"article","og_title":"Conditions d\u2019utilisation - annbelle x Miele Swap","og_description":"T\u00e9l\u00e9chargements Miele 1 Les pr\u00e9sentes dispositions r\u00e8glent le t\u00e9l\u00e9chargement et l\u2019utilisation du logiciel Miele et d\u2019informations. En effectuant un t\u00e9l\u00e9chargement, l\u2019utilisateur accepte ces dispositions. 2 En r\u00e8gle g\u00e9n\u00e9rale, les t\u00e9l\u00e9chargements sont disponibles 24 heures sur 24, 7 jours par semaine. Miele d\u00e9cline cependant toute responsabilit\u00e9 pour des interruptions de disponibilit\u00e9 dues \u00e0 la nature d\u2019Internet [&hellip;]","og_url":"https:\/\/miele-x-annabelle-swap.ch\/fr\/conditions-dutilisation\/","og_site_name":"annbelle x Miele Swap","article_modified_time":"2024-10-01T14:44:56+00:00","twitter_card":"summary_large_image","twitter_misc":{"Dur\u00e9e de lecture estim\u00e9e":"4 minutes"},"schema":{"@context":"https:\/\/schema.org","@graph":[{"@type":"WebPage","@id":"https:\/\/miele-x-annabelle-swap.ch\/fr\/conditions-dutilisation\/","url":"https:\/\/miele-x-annabelle-swap.ch\/fr\/conditions-dutilisation\/","name":"Conditions d\u2019utilisation - annbelle x Miele Swap","isPartOf":{"@id":"https:\/\/miele-x-annabelle-swap.ch\/fr\/#website"},"datePublished":"2024-10-01T14:12:43+00:00","dateModified":"2024-10-01T14:44:56+00:00","breadcrumb":{"@id":"https:\/\/miele-x-annabelle-swap.ch\/fr\/conditions-dutilisation\/#breadcrumb"},"inLanguage":"fr-FR","potentialAction":[{"@type":"ReadAction","target":["https:\/\/miele-x-annabelle-swap.ch\/fr\/conditions-dutilisation\/"]}]},{"@type":"BreadcrumbList","@id":"https:\/\/miele-x-annabelle-swap.ch\/fr\/conditions-dutilisation\/#breadcrumb","itemListElement":[{"@type":"ListItem","position":1,"name":"Startseite","item":"https:\/\/miele-x-annabelle-swap.ch\/fr\/"},{"@type":"ListItem","position":2,"name":"Conditions d\u2019utilisation"}]},{"@type":"WebSite","@id":"https:\/\/miele-x-annabelle-swap.ch\/fr\/#website","url":"https:\/\/miele-x-annabelle-swap.ch\/fr\/","name":"annbelle x Miele Swap","description":"","publisher":{"@id":"https:\/\/miele-x-annabelle-swap.ch\/fr\/#organization"},"potentialAction":[{"@type":"SearchAction","target":{"@type":"EntryPoint","urlTemplate":"https:\/\/miele-x-annabelle-swap.ch\/fr\/?s={search_term_string}"},"query-input":{"@type":"PropertyValueSpecification","valueRequired":true,"valueName":"search_term_string"}}],"inLanguage":"fr-FR"},{"@type":"Organization","@id":"https:\/\/miele-x-annabelle-swap.ch\/fr\/#organization","name":"annbelle x Miele Swap","url":"https:\/\/miele-x-annabelle-swap.ch\/fr\/","logo":{"@type":"ImageObject","inLanguage":"fr-FR","@id":"https:\/\/miele-x-annabelle-swap.ch\/fr\/#\/schema\/logo\/image\/","url":"https:\/\/miele-x-annabelle-swap.ch\/wp-content\/uploads\/2023\/10\/Miele_Logo_Red_sRGB.webp","contentUrl":"https:\/\/miele-x-annabelle-swap.ch\/wp-content\/uploads\/2023\/10\/Miele_Logo_Red_sRGB.webp","width":1920,"height":735,"caption":"annbelle x Miele Swap"},"image":{"@id":"https:\/\/miele-x-annabelle-swap.ch\/fr\/#\/schema\/logo\/image\/"}}]}},"_links":{"self":[{"href":"https:\/\/miele-x-annabelle-swap.ch\/fr\/wp-json\/wp\/v2\/pages\/1856","targetHints":{"allow":["GET"]}}],"collection":[{"href":"https:\/\/miele-x-annabelle-swap.ch\/fr\/wp-json\/wp\/v2\/pages"}],"about":[{"href":"https:\/\/miele-x-annabelle-swap.ch\/fr\/wp-json\/wp\/v2\/types\/page"}],"author":[{"embeddable":true,"href":"https:\/\/miele-x-annabelle-swap.ch\/fr\/wp-json\/wp\/v2\/users\/1"}],"replies":[{"embeddable":true,"href":"https:\/\/miele-x-annabelle-swap.ch\/fr\/wp-json\/wp\/v2\/comments?post=1856"}],"version-history":[{"count":4,"href":"https:\/\/miele-x-annabelle-swap.ch\/fr\/wp-json\/wp\/v2\/pages\/1856\/revisions"}],"predecessor-version":[{"id":1864,"href":"https:\/\/miele-x-annabelle-swap.ch\/fr\/wp-json\/wp\/v2\/pages\/1856\/revisions\/1864"}],"wp:attachment":[{"href":"https:\/\/miele-x-annabelle-swap.ch\/fr\/wp-json\/wp\/v2\/media?parent=1856"}],"curies":[{"name":"wp","href":"https:\/\/api.w.org\/{rel}","templated":true}]}}