{"id":2199,"date":"2024-11-22T14:39:05","date_gmt":"2024-11-22T14:39:05","guid":{"rendered":"https:\/\/mielesustainablefashion.ch\/conditions-de-participation\/"},"modified":"2024-11-22T14:56:47","modified_gmt":"2024-11-22T14:56:47","slug":"conditions-de-participation","status":"publish","type":"page","link":"https:\/\/miele-x-annabelle-swap.ch\/fr\/conditions-de-participation\/","title":{"rendered":"Conditions de participation"},"content":{"rendered":"\t\t<div data-elementor-type=\"wp-page\" data-elementor-id=\"2199\" class=\"elementor elementor-2199\" data-elementor-post-type=\"page\">\n\t\t\t\t<div class=\"elementor-element elementor-element-9f9fd1b e-flex e-con-boxed e-con e-parent\" data-id=\"9f9fd1b\" data-element_type=\"container\">\n\t\t\t\t\t<div class=\"e-con-inner\">\n\t\t\t\t\t<\/div>\n\t\t\t\t<\/div>\n\t\t<div class=\"elementor-element elementor-element-ae337a9 e-flex e-con-boxed e-con e-parent\" data-id=\"ae337a9\" data-element_type=\"container\">\n\t\t\t\t\t<div class=\"e-con-inner\">\n\t\t<div class=\"elementor-element elementor-element-28827eb e-con-full e-flex e-con e-child\" data-id=\"28827eb\" data-element_type=\"container\">\n\t\t\t\t<\/div>\n\t\t<div class=\"elementor-element elementor-element-ed5d12d e-con-full e-flex e-con e-child\" data-id=\"ed5d12d\" data-element_type=\"container\">\n\t\t\t\t<div class=\"elementor-element elementor-element-da85665 elementor-widget elementor-widget-heading\" data-id=\"da85665\" data-element_type=\"widget\" data-widget_type=\"heading.default\">\n\t\t\t\t<div class=\"elementor-widget-container\">\n\t\t\t\t\t<h2 class=\"elementor-heading-title elementor-size-default\">Conditions de participation au concours : \u201cTirage au sort T-shirt Miele\u201d<\/h2>\t\t\t\t<\/div>\n\t\t\t\t<\/div>\n\t\t\t\t<div class=\"elementor-element elementor-element-c2fcdae elementor-widget elementor-widget-text-editor\" data-id=\"c2fcdae\" data-element_type=\"widget\" data-widget_type=\"text-editor.default\">\n\t\t\t\t<div class=\"elementor-widget-container\">\n\t\t\t\t\t\t\t\t\t<p>1. Miele AG, Spreitenbach, organise le concours \u201cTirage au sort T-shirt Miele\u201d. En participant au concours (en remplissant le formulaire de concours sur le microsite www.mielesustainablefashion.ch), la participante ou le participant accepte les conditions de participation suivantes : \u201cTirage au sort T-shirt Miele\u201d. <\/p>\n<p>2. Sont autoris\u00e9es \u00e0 participer les personnes de 18 ans r\u00e9volus ayant leur domicile l\u00e9gal en Suisse.<\/p>\n<p>3. La participation est gratuite et sans aucune obligation. Sont exclus de la participation les collaboratrices et collaborateurs de Miele AG et leurs proches. Sont \u00e9galement exclus les associations de jeux-concours, les services automatis\u00e9s et autres participants professionnels\/commerciaux.  <\/p>\n<p>4. La participation au concours se fait via le microsite www.mielesustainablefashion.ch en envoyant le formulaire de concours.<\/p>\n<p>Chaque personne peut participer au tirage au sort une fois au maximum. Si une personne participe plusieurs fois, elle ne sera prise en compte qu\u2019une seule fois dans le tirage au sort. <\/p>\n<p>5. La participante ou le participant accepte qu\u2019en cas de gain, Miele partage et donc publie le nom de la gagnante ou du gagnant.<\/p>\n<p>6. La gagnante ou le gagnant est choisi au hasard parmi toutes les personnes participantes. Cette d\u00e9cision est d\u00e9finitive et ne peut pas \u00eatre contest\u00e9e. <\/p>\n<p>7. Une gagnante ou un gagnant est tir\u00e9(e) au sort et recevra un T-shirt de la collection \u201cMiele x Mode Suisse for Positive Impact\u201d. La date limite de participation est fix\u00e9e au 18 d\u00e9cembre 2024 \u00e0 18h00. <\/p>\n<p>8. Les participations qui enfreignent les directives de Meta ou le droit suisse, et en particulier les droits d\u2019auteur ou les droits de la personnalit\u00e9, ou qui sont ill\u00e9gales ou immorales de quelque mani\u00e8re que ce soit, entra\u00eeneront automatiquement l\u2019exclusion du tirage au sort de leur exp\u00e9ditrice ou de leur exp\u00e9diteur. Il en va de m\u00eame pour tout type de manipulations. La d\u00e9cision de l\u2019organisateur est d\u00e9finitive et ne peut \u00eatre contest\u00e9e.  <\/p>\n<p>9. La gagnante ou le gagnant sera inform\u00e9(e) de son gain par e-mail apr\u00e8s la date limite de participation. Si la gagnante ou le gagnant ne se manifeste pas dans les 24 heures suivant la notification de son gain, le droit au gain est annul\u00e9 et Miele est en droit de d\u00e9signer une gagnante ou un gagnant de remplacement. Le gain n\u2019est pas transmissible \u00e0 une autre personne.  <\/p>\n<p>10. Tous les renseignements fournis par Miele dans le cadre de ce concours sont donn\u00e9s en toute \u00e2me et conscience. Toute responsabilit\u00e9 est exclue en cas de d\u00e9clarations incorrectes ou de d\u00e9faillance technique. Toute pr\u00e9tention \u00e0 des dommages et int\u00e9r\u00eats dans le cadre de ce concours est express\u00e9ment exclue.  <\/p>\n<p>11. En cas de violation des conditions de participation au pr\u00e9sent concours, Miele AG se r\u00e9serve le droit d\u2019exclure des participantes ou participants du concours. De m\u00eame, tout type de manipulation, par des scripts automatiques, des outils de piratage, des chevaux de Troie ou des virus, entra\u00eene l\u2019exclusion du concours. En outre, des donn\u00e9es personnelles erron\u00e9es et l\u2019utilisation de faux profils peuvent entra\u00eener l\u2019exclusion. Dans ces cas, le gain peut \u00eatre annul\u00e9 et\/ou sa restitution peut \u00eatre exig\u00e9e. La d\u00e9cision de l\u2019organisateur est d\u00e9finitive et ne peut \u00eatre contest\u00e9e.    <\/p>\n<p>12. Les donn\u00e9es des personnes participantes ne sont saisies que dans le cadre du tirage au sort pour d\u00e9terminer la participation d\u00e9finitive et la gagnante ou le gagnant. Elles ne seront ni stock\u00e9es, ni utilis\u00e9es \u00e0 des fins de marketing, ni transmises \u00e0 des tiers. <\/p>\n<p>13. Ce concours est organis\u00e9 par Miele Suisse en autonomie et de mani\u00e8re compl\u00e8tement ind\u00e9pendante d\u2019Instagram, et Instagram ne se tient pas \u00e0 disposition pour toute demande de renseignements dans le cadre de ce concours. De m\u00eame, aucune r\u00e9clamation de quelque nature que ce soit ne pourra \u00eatre formul\u00e9e \u00e0 l\u2019encontre d\u2019Instagram dans le cadre de ce concours. <\/p>\n<p>14. Tout recours juridique, tout paiement en esp\u00e8ces et toute cession du prix sont exclus. Le concours est soumis au droit suisse. <\/p>\n\t\t\t\t\t\t\t\t<\/div>\n\t\t\t\t<\/div>\n\t\t\t\t<\/div>\n\t\t<div class=\"elementor-element elementor-element-9639eea e-con-full e-flex e-con e-child\" data-id=\"9639eea\" data-element_type=\"container\">\n\t\t\t\t<\/div>\n\t\t\t\t\t<\/div>\n\t\t\t\t<\/div>\n\t\t\t\t<\/div>\n\t\t","protected":false},"excerpt":{"rendered":"<p>Conditions de participation au concours : \u201cTirage au sort T-shirt Miele\u201d 1. Miele AG, Spreitenbach, organise le concours \u201cTirage au sort T-shirt Miele\u201d. En participant au concours (en remplissant le formulaire de concours sur le microsite www.mielesustainablefashion.ch), la participante ou le participant accepte les conditions de participation suivantes : \u201cTirage au sort T-shirt Miele\u201d. 2. [&hellip;]<\/p>\n","protected":false},"author":1,"featured_media":0,"parent":0,"menu_order":0,"comment_status":"closed","ping_status":"closed","template":"","meta":{"footnotes":""},"class_list":["post-2199","page","type-page","status-publish","hentry"],"yoast_head":"<!-- This site is optimized with the Yoast SEO plugin v24.5 - https:\/\/yoast.com\/wordpress\/plugins\/seo\/ -->\n<title>Conditions de participation - annbelle x Miele Swap<\/title>\n<meta name=\"robots\" content=\"noindex, follow, max-snippet:-1, max-image-preview:large, max-video-preview:-1\" \/>\n<meta property=\"og:locale\" content=\"fr_FR\" \/>\n<meta property=\"og:type\" content=\"article\" \/>\n<meta property=\"og:title\" content=\"Conditions de participation - annbelle x Miele Swap\" \/>\n<meta property=\"og:description\" content=\"Conditions de participation au concours : \u201cTirage au sort T-shirt Miele\u201d 1. Miele AG, Spreitenbach, organise le concours \u201cTirage au sort T-shirt Miele\u201d. En participant au concours (en remplissant le formulaire de concours sur le microsite www.mielesustainablefashion.ch), la participante ou le participant accepte les conditions de participation suivantes : \u201cTirage au sort T-shirt Miele\u201d. 2. [&hellip;]\" \/>\n<meta property=\"og:url\" content=\"https:\/\/miele-x-annabelle-swap.ch\/fr\/conditions-de-participation\/\" \/>\n<meta property=\"og:site_name\" content=\"annbelle x Miele Swap\" \/>\n<meta property=\"article:modified_time\" content=\"2024-11-22T14:56:47+00:00\" \/>\n<meta name=\"twitter:card\" content=\"summary_large_image\" \/>\n<meta name=\"twitter:label1\" content=\"Dur\u00e9e de lecture estim\u00e9e\" \/>\n\t<meta name=\"twitter:data1\" content=\"3 minutes\" \/>\n<script type=\"application\/ld+json\" class=\"yoast-schema-graph\">{\"@context\":\"https:\/\/schema.org\",\"@graph\":[{\"@type\":\"WebPage\",\"@id\":\"https:\/\/miele-x-annabelle-swap.ch\/fr\/conditions-de-participation\/\",\"url\":\"https:\/\/miele-x-annabelle-swap.ch\/fr\/conditions-de-participation\/\",\"name\":\"Conditions de participation - annbelle x Miele Swap\",\"isPartOf\":{\"@id\":\"https:\/\/miele-x-annabelle-swap.ch\/fr\/#website\"},\"datePublished\":\"2024-11-22T14:39:05+00:00\",\"dateModified\":\"2024-11-22T14:56:47+00:00\",\"breadcrumb\":{\"@id\":\"https:\/\/miele-x-annabelle-swap.ch\/fr\/conditions-de-participation\/#breadcrumb\"},\"inLanguage\":\"fr-FR\",\"potentialAction\":[{\"@type\":\"ReadAction\",\"target\":[\"https:\/\/miele-x-annabelle-swap.ch\/fr\/conditions-de-participation\/\"]}]},{\"@type\":\"BreadcrumbList\",\"@id\":\"https:\/\/miele-x-annabelle-swap.ch\/fr\/conditions-de-participation\/#breadcrumb\",\"itemListElement\":[{\"@type\":\"ListItem\",\"position\":1,\"name\":\"Startseite\",\"item\":\"https:\/\/miele-x-annabelle-swap.ch\/fr\/\"},{\"@type\":\"ListItem\",\"position\":2,\"name\":\"Conditions de participation\"}]},{\"@type\":\"WebSite\",\"@id\":\"https:\/\/miele-x-annabelle-swap.ch\/fr\/#website\",\"url\":\"https:\/\/miele-x-annabelle-swap.ch\/fr\/\",\"name\":\"annbelle x Miele Swap\",\"description\":\"\",\"publisher\":{\"@id\":\"https:\/\/miele-x-annabelle-swap.ch\/fr\/#organization\"},\"potentialAction\":[{\"@type\":\"SearchAction\",\"target\":{\"@type\":\"EntryPoint\",\"urlTemplate\":\"https:\/\/miele-x-annabelle-swap.ch\/fr\/?s={search_term_string}\"},\"query-input\":{\"@type\":\"PropertyValueSpecification\",\"valueRequired\":true,\"valueName\":\"search_term_string\"}}],\"inLanguage\":\"fr-FR\"},{\"@type\":\"Organization\",\"@id\":\"https:\/\/miele-x-annabelle-swap.ch\/fr\/#organization\",\"name\":\"annbelle x Miele Swap\",\"url\":\"https:\/\/miele-x-annabelle-swap.ch\/fr\/\",\"logo\":{\"@type\":\"ImageObject\",\"inLanguage\":\"fr-FR\",\"@id\":\"https:\/\/miele-x-annabelle-swap.ch\/fr\/#\/schema\/logo\/image\/\",\"url\":\"https:\/\/miele-x-annabelle-swap.ch\/wp-content\/uploads\/2023\/10\/Miele_Logo_Red_sRGB.webp\",\"contentUrl\":\"https:\/\/miele-x-annabelle-swap.ch\/wp-content\/uploads\/2023\/10\/Miele_Logo_Red_sRGB.webp\",\"width\":1920,\"height\":735,\"caption\":\"annbelle x Miele Swap\"},\"image\":{\"@id\":\"https:\/\/miele-x-annabelle-swap.ch\/fr\/#\/schema\/logo\/image\/\"}}]}<\/script>\n<!-- \/ Yoast SEO plugin. -->","yoast_head_json":{"title":"Conditions de participation - annbelle x Miele Swap","robots":{"index":"noindex","follow":"follow","max-snippet":"max-snippet:-1","max-image-preview":"max-image-preview:large","max-video-preview":"max-video-preview:-1"},"og_locale":"fr_FR","og_type":"article","og_title":"Conditions de participation - annbelle x Miele Swap","og_description":"Conditions de participation au concours : \u201cTirage au sort T-shirt Miele\u201d 1. Miele AG, Spreitenbach, organise le concours \u201cTirage au sort T-shirt Miele\u201d. En participant au concours (en remplissant le formulaire de concours sur le microsite www.mielesustainablefashion.ch), la participante ou le participant accepte les conditions de participation suivantes : \u201cTirage au sort T-shirt Miele\u201d. 2. [&hellip;]","og_url":"https:\/\/miele-x-annabelle-swap.ch\/fr\/conditions-de-participation\/","og_site_name":"annbelle x Miele Swap","article_modified_time":"2024-11-22T14:56:47+00:00","twitter_card":"summary_large_image","twitter_misc":{"Dur\u00e9e de lecture estim\u00e9e":"3 minutes"},"schema":{"@context":"https:\/\/schema.org","@graph":[{"@type":"WebPage","@id":"https:\/\/miele-x-annabelle-swap.ch\/fr\/conditions-de-participation\/","url":"https:\/\/miele-x-annabelle-swap.ch\/fr\/conditions-de-participation\/","name":"Conditions de participation - annbelle x Miele Swap","isPartOf":{"@id":"https:\/\/miele-x-annabelle-swap.ch\/fr\/#website"},"datePublished":"2024-11-22T14:39:05+00:00","dateModified":"2024-11-22T14:56:47+00:00","breadcrumb":{"@id":"https:\/\/miele-x-annabelle-swap.ch\/fr\/conditions-de-participation\/#breadcrumb"},"inLanguage":"fr-FR","potentialAction":[{"@type":"ReadAction","target":["https:\/\/miele-x-annabelle-swap.ch\/fr\/conditions-de-participation\/"]}]},{"@type":"BreadcrumbList","@id":"https:\/\/miele-x-annabelle-swap.ch\/fr\/conditions-de-participation\/#breadcrumb","itemListElement":[{"@type":"ListItem","position":1,"name":"Startseite","item":"https:\/\/miele-x-annabelle-swap.ch\/fr\/"},{"@type":"ListItem","position":2,"name":"Conditions de participation"}]},{"@type":"WebSite","@id":"https:\/\/miele-x-annabelle-swap.ch\/fr\/#website","url":"https:\/\/miele-x-annabelle-swap.ch\/fr\/","name":"annbelle x Miele Swap","description":"","publisher":{"@id":"https:\/\/miele-x-annabelle-swap.ch\/fr\/#organization"},"potentialAction":[{"@type":"SearchAction","target":{"@type":"EntryPoint","urlTemplate":"https:\/\/miele-x-annabelle-swap.ch\/fr\/?s={search_term_string}"},"query-input":{"@type":"PropertyValueSpecification","valueRequired":true,"valueName":"search_term_string"}}],"inLanguage":"fr-FR"},{"@type":"Organization","@id":"https:\/\/miele-x-annabelle-swap.ch\/fr\/#organization","name":"annbelle x Miele Swap","url":"https:\/\/miele-x-annabelle-swap.ch\/fr\/","logo":{"@type":"ImageObject","inLanguage":"fr-FR","@id":"https:\/\/miele-x-annabelle-swap.ch\/fr\/#\/schema\/logo\/image\/","url":"https:\/\/miele-x-annabelle-swap.ch\/wp-content\/uploads\/2023\/10\/Miele_Logo_Red_sRGB.webp","contentUrl":"https:\/\/miele-x-annabelle-swap.ch\/wp-content\/uploads\/2023\/10\/Miele_Logo_Red_sRGB.webp","width":1920,"height":735,"caption":"annbelle x Miele Swap"},"image":{"@id":"https:\/\/miele-x-annabelle-swap.ch\/fr\/#\/schema\/logo\/image\/"}}]}},"_links":{"self":[{"href":"https:\/\/miele-x-annabelle-swap.ch\/fr\/wp-json\/wp\/v2\/pages\/2199","targetHints":{"allow":["GET"]}}],"collection":[{"href":"https:\/\/miele-x-annabelle-swap.ch\/fr\/wp-json\/wp\/v2\/pages"}],"about":[{"href":"https:\/\/miele-x-annabelle-swap.ch\/fr\/wp-json\/wp\/v2\/types\/page"}],"author":[{"embeddable":true,"href":"https:\/\/miele-x-annabelle-swap.ch\/fr\/wp-json\/wp\/v2\/users\/1"}],"replies":[{"embeddable":true,"href":"https:\/\/miele-x-annabelle-swap.ch\/fr\/wp-json\/wp\/v2\/comments?post=2199"}],"version-history":[{"count":1,"href":"https:\/\/miele-x-annabelle-swap.ch\/fr\/wp-json\/wp\/v2\/pages\/2199\/revisions"}],"predecessor-version":[{"id":2200,"href":"https:\/\/miele-x-annabelle-swap.ch\/fr\/wp-json\/wp\/v2\/pages\/2199\/revisions\/2200"}],"wp:attachment":[{"href":"https:\/\/miele-x-annabelle-swap.ch\/fr\/wp-json\/wp\/v2\/media?parent=2199"}],"curies":[{"name":"wp","href":"https:\/\/api.w.org\/{rel}","templated":true}]}}