{"id":2197,"date":"2024-11-22T14:39:05","date_gmt":"2024-11-22T14:39:05","guid":{"rendered":"https:\/\/mielesustainablefashion.ch\/condizioni-di-partecipazione\/"},"modified":"2024-11-22T14:53:36","modified_gmt":"2024-11-22T14:53:36","slug":"condizioni-di-partecipazione","status":"publish","type":"page","link":"https:\/\/miele-x-annabelle-swap.ch\/it\/condizioni-di-partecipazione\/","title":{"rendered":"Condizioni di partecipazione"},"content":{"rendered":"\t\t<div data-elementor-type=\"wp-page\" data-elementor-id=\"2197\" class=\"elementor elementor-2197\" data-elementor-post-type=\"page\">\n\t\t\t\t<div class=\"elementor-element elementor-element-9f9fd1b e-flex e-con-boxed e-con e-parent\" data-id=\"9f9fd1b\" data-element_type=\"container\">\n\t\t\t\t\t<div class=\"e-con-inner\">\n\t\t\t\t\t<\/div>\n\t\t\t\t<\/div>\n\t\t<div class=\"elementor-element elementor-element-ae337a9 e-flex e-con-boxed e-con e-parent\" data-id=\"ae337a9\" data-element_type=\"container\">\n\t\t\t\t\t<div class=\"e-con-inner\">\n\t\t<div class=\"elementor-element elementor-element-28827eb e-con-full e-flex e-con e-child\" data-id=\"28827eb\" data-element_type=\"container\">\n\t\t\t\t<\/div>\n\t\t<div class=\"elementor-element elementor-element-ed5d12d e-con-full e-flex e-con e-child\" data-id=\"ed5d12d\" data-element_type=\"container\">\n\t\t\t\t<div class=\"elementor-element elementor-element-da85665 elementor-widget elementor-widget-heading\" data-id=\"da85665\" data-element_type=\"widget\" data-widget_type=\"heading.default\">\n\t\t\t\t<div class=\"elementor-widget-container\">\n\t\t\t\t\t<h2 class=\"elementor-heading-title elementor-size-default\">Condizioni di partecipazione al concorso: \u201cEstrazione di magliette Miele\u201d<\/h2>\t\t\t\t<\/div>\n\t\t\t\t<\/div>\n\t\t\t\t<div class=\"elementor-element elementor-element-c2fcdae elementor-widget elementor-widget-text-editor\" data-id=\"c2fcdae\" data-element_type=\"widget\" data-widget_type=\"text-editor.default\">\n\t\t\t\t<div class=\"elementor-widget-container\">\n\t\t\t\t\t\t\t\t\t<p>1. Miele SA, Spreitenbach, organizza il concorso \u201cEstrazione di magliette Miele\u201d. Partecipando al concorso (compilando il modulo del concorso sul microsito www.mielesustainablefashion.ch), la\/il partecipante accetta le seguenti condizioni di partecipazione: \u201cEstrazione di magliette Miele\u201d. <\/p>\n<p>2. Sono autorizzate a partecipare le persone a partire dai 18 anni di et\u00e0 che hanno il loro domicilio legale in Svizzera.<\/p>\n<p>3. La partecipazione \u00e8 gratuita e non comporta alcun impegno. Sono esclusi dalla partecipazione al concorso le collaboratrici e i collaboratori di Miele SA nonch\u00e9 i loro familiari diretti. Associazioni di giochi a premi, servizi automatizzati e altri partecipanti professionali\/commerciali sono altres\u00ec esclusi dalla partecipazione al concorso.  <\/p>\n<p>4. La partecipazione al concorso avviene tramite il microsito www.mielesustainablefashion.ch inviando il modulo di concorso.<\/p>\n<p>Ogni persona pu\u00f2 partecipare all\u2019estrazione al massimo una volta. In caso di partecipazione multipla, la persona sar\u00e0 considerata una sola volta per l\u2019estrazione. <\/p>\n<p>5. La\/il partecipante accetta che, in caso di vincita, Miele condivida il suo nome e lo pubblichi.<\/p>\n<p>6. La vincitrice o il vincitore sar\u00e0 scelto\/a a caso tra tutte le partecipanti e tutti i partecipanti. Questa decisione \u00e8 definitiva e non pu\u00f2 essere contestata. <\/p>\n<p>7. Verr\u00e0 estratta\/o una vincitrice o un vincitore che ricever\u00e0 un T-shirt della collezione \u201cMiele x Mode Suisse for Positive Impact\u201d. Il termine d\u2019iscrizione \u00e8 il 18 dicembre 2024, alle ore 18:00. <\/p>\n<p>8. Le partecipazioni che violano le direttive di Meta, il diritto svizzero, in particolare il diritto d\u2019autore e della personalit\u00e0, o che in altro modo sono illegali o di natura immorale comportano automaticamente l\u2019esclusione della\/del mittente dall\u2019estrazione. Allo stesso modo, qualsiasi tipo di manipolazione comporta l\u2019esclusione dall\u2019estrazione. La decisione dell\u2019organizzatore \u00e8 definitiva e non pu\u00f2 essere impugnata.  <\/p>\n<p>9. La vincitrice o il vincitore sar\u00e0 informata\/o del premio via e-mail dopo il termine di partecipazione. Se la vincitrice o il vincitore non risponde entro 24 ore dalla notifica del premio, il diritto al premio decadr\u00e0 e Miele avr\u00e0 il diritto di selezionare una vincitrice o un vincitore sostitutivo. Il premio non \u00e8 trasferibile ad altre persone.  <\/p>\n<p>10. Tutte le informazioni fornite da Miele in relazione a questo concorso sono fornite secondo scienza e coscienza. Si declina qualsiasi responsabilit\u00e0 per dichiarazioni errate o dovute a malfunzionamenti tecnici. Si esclude espressamente qualsivoglia richiesta di risarcimento danni in relazione a questo concorso.  <\/p>\n<p>11. Miele SA si riserva il diritto di escludere le\/i partecipanti dal concorso in caso di violazione delle condizioni di partecipazione al presente concorso. Allo stesso modo, qualsiasi tipo di manipolazione, come script automatici, strumenti di pirateria informatica, trojan o virus comporta l\u2019esclusione dal concorso. Inoltre, l\u2019utilizzo di dati personali errati e di profili falsi pu\u00f2 comportare l\u2019esclusione. In tal caso, il premio potr\u00e0 essere annullato e\/o reclamato. La decisione dell\u2019organizzatore \u00e8 definitiva e non pu\u00f2 essere impugnata.    <\/p>\n<p>12. I dati delle e dei partecipanti saranno registrati solo nell\u2019ambito dell\u2019estrazione del premio per determinare l\u2019iscrizione definitiva e la vincitrice o il vincitore. Essi non vengono archiviati, utilizzati a scopi di pubblicit\u00e0 o di marketing o trasmessi a terzi. <\/p>\n<p>13. Questo concorso \u00e8 stato organizzato da Miele Svizzera in maniera autonoma e completamente indipendente da Instagram. Instagram non risponde a richieste di informazioni in relazione a questo concorso. Allo stesso modo, non \u00e8 possibile far valere alcuna rivendicazione nei confronti di Instagram nell\u2019ambito di questo concorso. <\/p>\n<p>14. Si esclude il ricorso alle vie legali. Le vincite non possono essere corrisposte in contanti n\u00e9 cedute. Il concorso \u00e8 soggetto al diritto svizzero. <\/p>\n\t\t\t\t\t\t\t\t<\/div>\n\t\t\t\t<\/div>\n\t\t\t\t<\/div>\n\t\t<div class=\"elementor-element elementor-element-9639eea e-con-full e-flex e-con e-child\" data-id=\"9639eea\" data-element_type=\"container\">\n\t\t\t\t<\/div>\n\t\t\t\t\t<\/div>\n\t\t\t\t<\/div>\n\t\t\t\t<\/div>\n\t\t","protected":false},"excerpt":{"rendered":"<p>Condizioni di partecipazione al concorso: \u201cEstrazione di magliette Miele\u201d 1. Miele SA, Spreitenbach, organizza il concorso \u201cEstrazione di magliette Miele\u201d. Partecipando al concorso (compilando il modulo del concorso sul microsito www.mielesustainablefashion.ch), la\/il partecipante accetta le seguenti condizioni di partecipazione: \u201cEstrazione di magliette Miele\u201d. 2. Sono autorizzate a partecipare le persone a partire dai 18 anni [&hellip;]<\/p>\n","protected":false},"author":1,"featured_media":0,"parent":0,"menu_order":0,"comment_status":"closed","ping_status":"closed","template":"","meta":{"footnotes":""},"class_list":["post-2197","page","type-page","status-publish","hentry"],"yoast_head":"<!-- This site is optimized with the Yoast SEO plugin v24.5 - https:\/\/yoast.com\/wordpress\/plugins\/seo\/ -->\n<title>Condizioni di partecipazione - annbelle x Miele Swap<\/title>\n<meta name=\"robots\" content=\"noindex, follow, max-snippet:-1, max-image-preview:large, max-video-preview:-1\" \/>\n<meta property=\"og:locale\" content=\"it_IT\" \/>\n<meta property=\"og:type\" content=\"article\" \/>\n<meta property=\"og:title\" content=\"Condizioni di partecipazione - annbelle x Miele Swap\" \/>\n<meta property=\"og:description\" content=\"Condizioni di partecipazione al concorso: \u201cEstrazione di magliette Miele\u201d 1. Miele SA, Spreitenbach, organizza il concorso \u201cEstrazione di magliette Miele\u201d. Partecipando al concorso (compilando il modulo del concorso sul microsito www.mielesustainablefashion.ch), la\/il partecipante accetta le seguenti condizioni di partecipazione: \u201cEstrazione di magliette Miele\u201d. 2. Sono autorizzate a partecipare le persone a partire dai 18 anni [&hellip;]\" \/>\n<meta property=\"og:url\" content=\"https:\/\/miele-x-annabelle-swap.ch\/it\/condizioni-di-partecipazione\/\" \/>\n<meta property=\"og:site_name\" content=\"annbelle x Miele Swap\" \/>\n<meta property=\"article:modified_time\" content=\"2024-11-22T14:53:36+00:00\" \/>\n<meta name=\"twitter:card\" content=\"summary_large_image\" \/>\n<meta name=\"twitter:label1\" content=\"Tempo di lettura stimato\" \/>\n\t<meta name=\"twitter:data1\" content=\"3 minuti\" \/>\n<script type=\"application\/ld+json\" class=\"yoast-schema-graph\">{\"@context\":\"https:\/\/schema.org\",\"@graph\":[{\"@type\":\"WebPage\",\"@id\":\"https:\/\/miele-x-annabelle-swap.ch\/it\/condizioni-di-partecipazione\/\",\"url\":\"https:\/\/miele-x-annabelle-swap.ch\/it\/condizioni-di-partecipazione\/\",\"name\":\"Condizioni di partecipazione - annbelle x Miele Swap\",\"isPartOf\":{\"@id\":\"https:\/\/miele-x-annabelle-swap.ch\/it\/#website\"},\"datePublished\":\"2024-11-22T14:39:05+00:00\",\"dateModified\":\"2024-11-22T14:53:36+00:00\",\"breadcrumb\":{\"@id\":\"https:\/\/miele-x-annabelle-swap.ch\/it\/condizioni-di-partecipazione\/#breadcrumb\"},\"inLanguage\":\"it-IT\",\"potentialAction\":[{\"@type\":\"ReadAction\",\"target\":[\"https:\/\/miele-x-annabelle-swap.ch\/it\/condizioni-di-partecipazione\/\"]}]},{\"@type\":\"BreadcrumbList\",\"@id\":\"https:\/\/miele-x-annabelle-swap.ch\/it\/condizioni-di-partecipazione\/#breadcrumb\",\"itemListElement\":[{\"@type\":\"ListItem\",\"position\":1,\"name\":\"Startseite\",\"item\":\"https:\/\/miele-x-annabelle-swap.ch\/it\/\"},{\"@type\":\"ListItem\",\"position\":2,\"name\":\"Condizioni di partecipazione\"}]},{\"@type\":\"WebSite\",\"@id\":\"https:\/\/miele-x-annabelle-swap.ch\/it\/#website\",\"url\":\"https:\/\/miele-x-annabelle-swap.ch\/it\/\",\"name\":\"annbelle x Miele Swap\",\"description\":\"\",\"publisher\":{\"@id\":\"https:\/\/miele-x-annabelle-swap.ch\/it\/#organization\"},\"potentialAction\":[{\"@type\":\"SearchAction\",\"target\":{\"@type\":\"EntryPoint\",\"urlTemplate\":\"https:\/\/miele-x-annabelle-swap.ch\/it\/?s={search_term_string}\"},\"query-input\":{\"@type\":\"PropertyValueSpecification\",\"valueRequired\":true,\"valueName\":\"search_term_string\"}}],\"inLanguage\":\"it-IT\"},{\"@type\":\"Organization\",\"@id\":\"https:\/\/miele-x-annabelle-swap.ch\/it\/#organization\",\"name\":\"annbelle x Miele Swap\",\"url\":\"https:\/\/miele-x-annabelle-swap.ch\/it\/\",\"logo\":{\"@type\":\"ImageObject\",\"inLanguage\":\"it-IT\",\"@id\":\"https:\/\/miele-x-annabelle-swap.ch\/it\/#\/schema\/logo\/image\/\",\"url\":\"https:\/\/miele-x-annabelle-swap.ch\/wp-content\/uploads\/2023\/10\/Miele_Logo_Red_sRGB.webp\",\"contentUrl\":\"https:\/\/miele-x-annabelle-swap.ch\/wp-content\/uploads\/2023\/10\/Miele_Logo_Red_sRGB.webp\",\"width\":1920,\"height\":735,\"caption\":\"annbelle x Miele Swap\"},\"image\":{\"@id\":\"https:\/\/miele-x-annabelle-swap.ch\/it\/#\/schema\/logo\/image\/\"}}]}<\/script>\n<!-- \/ Yoast SEO plugin. -->","yoast_head_json":{"title":"Condizioni di partecipazione - annbelle x Miele Swap","robots":{"index":"noindex","follow":"follow","max-snippet":"max-snippet:-1","max-image-preview":"max-image-preview:large","max-video-preview":"max-video-preview:-1"},"og_locale":"it_IT","og_type":"article","og_title":"Condizioni di partecipazione - annbelle x Miele Swap","og_description":"Condizioni di partecipazione al concorso: \u201cEstrazione di magliette Miele\u201d 1. Miele SA, Spreitenbach, organizza il concorso \u201cEstrazione di magliette Miele\u201d. Partecipando al concorso (compilando il modulo del concorso sul microsito www.mielesustainablefashion.ch), la\/il partecipante accetta le seguenti condizioni di partecipazione: \u201cEstrazione di magliette Miele\u201d. 2. Sono autorizzate a partecipare le persone a partire dai 18 anni [&hellip;]","og_url":"https:\/\/miele-x-annabelle-swap.ch\/it\/condizioni-di-partecipazione\/","og_site_name":"annbelle x Miele Swap","article_modified_time":"2024-11-22T14:53:36+00:00","twitter_card":"summary_large_image","twitter_misc":{"Tempo di lettura stimato":"3 minuti"},"schema":{"@context":"https:\/\/schema.org","@graph":[{"@type":"WebPage","@id":"https:\/\/miele-x-annabelle-swap.ch\/it\/condizioni-di-partecipazione\/","url":"https:\/\/miele-x-annabelle-swap.ch\/it\/condizioni-di-partecipazione\/","name":"Condizioni di partecipazione - annbelle x Miele Swap","isPartOf":{"@id":"https:\/\/miele-x-annabelle-swap.ch\/it\/#website"},"datePublished":"2024-11-22T14:39:05+00:00","dateModified":"2024-11-22T14:53:36+00:00","breadcrumb":{"@id":"https:\/\/miele-x-annabelle-swap.ch\/it\/condizioni-di-partecipazione\/#breadcrumb"},"inLanguage":"it-IT","potentialAction":[{"@type":"ReadAction","target":["https:\/\/miele-x-annabelle-swap.ch\/it\/condizioni-di-partecipazione\/"]}]},{"@type":"BreadcrumbList","@id":"https:\/\/miele-x-annabelle-swap.ch\/it\/condizioni-di-partecipazione\/#breadcrumb","itemListElement":[{"@type":"ListItem","position":1,"name":"Startseite","item":"https:\/\/miele-x-annabelle-swap.ch\/it\/"},{"@type":"ListItem","position":2,"name":"Condizioni di partecipazione"}]},{"@type":"WebSite","@id":"https:\/\/miele-x-annabelle-swap.ch\/it\/#website","url":"https:\/\/miele-x-annabelle-swap.ch\/it\/","name":"annbelle x Miele Swap","description":"","publisher":{"@id":"https:\/\/miele-x-annabelle-swap.ch\/it\/#organization"},"potentialAction":[{"@type":"SearchAction","target":{"@type":"EntryPoint","urlTemplate":"https:\/\/miele-x-annabelle-swap.ch\/it\/?s={search_term_string}"},"query-input":{"@type":"PropertyValueSpecification","valueRequired":true,"valueName":"search_term_string"}}],"inLanguage":"it-IT"},{"@type":"Organization","@id":"https:\/\/miele-x-annabelle-swap.ch\/it\/#organization","name":"annbelle x Miele Swap","url":"https:\/\/miele-x-annabelle-swap.ch\/it\/","logo":{"@type":"ImageObject","inLanguage":"it-IT","@id":"https:\/\/miele-x-annabelle-swap.ch\/it\/#\/schema\/logo\/image\/","url":"https:\/\/miele-x-annabelle-swap.ch\/wp-content\/uploads\/2023\/10\/Miele_Logo_Red_sRGB.webp","contentUrl":"https:\/\/miele-x-annabelle-swap.ch\/wp-content\/uploads\/2023\/10\/Miele_Logo_Red_sRGB.webp","width":1920,"height":735,"caption":"annbelle x Miele Swap"},"image":{"@id":"https:\/\/miele-x-annabelle-swap.ch\/it\/#\/schema\/logo\/image\/"}}]}},"_links":{"self":[{"href":"https:\/\/miele-x-annabelle-swap.ch\/it\/wp-json\/wp\/v2\/pages\/2197","targetHints":{"allow":["GET"]}}],"collection":[{"href":"https:\/\/miele-x-annabelle-swap.ch\/it\/wp-json\/wp\/v2\/pages"}],"about":[{"href":"https:\/\/miele-x-annabelle-swap.ch\/it\/wp-json\/wp\/v2\/types\/page"}],"author":[{"embeddable":true,"href":"https:\/\/miele-x-annabelle-swap.ch\/it\/wp-json\/wp\/v2\/users\/1"}],"replies":[{"embeddable":true,"href":"https:\/\/miele-x-annabelle-swap.ch\/it\/wp-json\/wp\/v2\/comments?post=2197"}],"version-history":[{"count":1,"href":"https:\/\/miele-x-annabelle-swap.ch\/it\/wp-json\/wp\/v2\/pages\/2197\/revisions"}],"predecessor-version":[{"id":2198,"href":"https:\/\/miele-x-annabelle-swap.ch\/it\/wp-json\/wp\/v2\/pages\/2197\/revisions\/2198"}],"wp:attachment":[{"href":"https:\/\/miele-x-annabelle-swap.ch\/it\/wp-json\/wp\/v2\/media?parent=2197"}],"curies":[{"name":"wp","href":"https:\/\/api.w.org\/{rel}","templated":true}]}}